{"id":84957,"date":"2021-05-27T17:22:02","date_gmt":"2021-05-27T17:22:02","guid":{"rendered":"https:\/\/campolongley.uy\/nuestro-equipo\/"},"modified":"2025-04-01T16:22:00","modified_gmt":"2025-04-01T16:22:00","slug":"our-team","status":"publish","type":"page","link":"https:\/\/campolongley.uy\/en\/our-team\/","title":{"rendered":"Our team"},"content":{"rendered":"<section class=\"wpb-content-wrapper\"><p>[vc_row row_height_percent=&#8221;0&#8243; override_padding=&#8221;yes&#8221; h_padding=&#8221;2&#8243; top_padding=&#8221;4&#8243; bottom_padding=&#8221;3&#8243; back_color=&#8221;color-xsdn&#8221; overlay_alpha=&#8221;50&#8243; gutter_size=&#8221;3&#8243; column_width_percent=&#8221;100&#8243; shift_y=&#8221;0&#8243; z_index=&#8221;0&#8243;][vc_column column_width_percent=&#8221;100&#8243; gutter_size=&#8221;3&#8243; overlay_alpha=&#8221;50&#8243; shift_x=&#8221;0&#8243; shift_y=&#8221;0&#8243; shift_y_down=&#8221;0&#8243; z_index=&#8221;0&#8243; medium_width=&#8221;0&#8243; mobile_width=&#8221;0&#8243; width=&#8221;1\/1&#8243;][vc_row_inner row_inner_height_percent=&#8221;0&#8243; overlay_alpha=&#8221;50&#8243; gutter_size=&#8221;4&#8243; shift_y=&#8221;0&#8243; limit_content=&#8221;&#8221;][vc_column_inner column_width_percent=&#8221;100&#8243; align_horizontal=&#8221;align_center&#8221; gutter_size=&#8221;4&#8243; overlay_alpha=&#8221;50&#8243; shift_x=&#8221;0&#8243; shift_y=&#8221;0&#8243; shift_y_down=&#8221;0&#8243; z_index=&#8221;0&#8243; medium_width=&#8221;0&#8243; mobile_width=&#8221;0&#8243; sticky=&#8221;yes&#8221; width=&#8221;3\/12&#8243;][vc_single_image media=&#8221;84614&#8243; media_width_percent=&#8221;50&#8243; alignment=&#8221;center&#8221;][\/vc_column_inner][vc_column_inner column_width_percent=&#8221;100&#8243; gutter_size=&#8221;3&#8243; overlay_alpha=&#8221;50&#8243; shift_x=&#8221;0&#8243; shift_y=&#8221;0&#8243; shift_y_down=&#8221;0&#8243; z_index=&#8221;0&#8243; medium_width=&#8221;0&#8243; mobile_width=&#8221;0&#8243; width=&#8221;9\/12&#8243;][vc_custom_heading text_color=&#8221;color-wvjs&#8221; heading_semantic=&#8221;p&#8221; text_size=&#8221;h3&#8243; text_weight=&#8221;300&#8243;]At <strong>CAMPO LONGLEY<\/strong>, we have a team of professionals and technicians with experience in different areas who work in total synergy to overcome challenges.[\/vc_custom_heading][vc_column_text text_lead=&#8221;yes&#8221;]Passionate about what they do, they stand out for their professionalism, technical knowledge, and ability to implement all the company&#8217;s strategies and overcome challenges. They guarantee the best results and high-quality levels of our milk.[\/vc_column_text][vc_single_image media=&#8221;87112&#8243; media_width_percent=&#8221;100&#8243; css_animation=&#8221;alpha-anim&#8221; uncode_shortcode_id=&#8221;156372&#8243;][vc_column_text css_animation=&#8221;alpha-anim&#8221; uncode_shortcode_id=&#8221;143139&#8243;]<\/p>\n<ul>\n<li><strong>David Dickinson \u2013<\/strong> Vice President Topilen S.A.<\/li>\n<\/ul>\n<p>[\/vc_column_text][vc_single_image media=&#8221;87114&#8243; media_width_percent=&#8221;100&#8243; css_animation=&#8221;alpha-anim&#8221; uncode_shortcode_id=&#8221;899884&#8243;][vc_column_text css_animation=&#8221;alpha-anim&#8221; uncode_shortcode_id=&#8221;962667&#8243;]<\/p>\n<ul>\n<li><strong>Mar\u00eda P\u00eda Bri\u00f1\u00f3n &#8211;<\/strong> General Manger<\/li>\n<li><strong>\u00c1ngel Lezcano &#8211;<\/strong> Production Manager<\/li>\n<li><strong>Mauro Torterolo &#8211;<\/strong> Veterinarian<\/li>\n<li><strong>Guillermo Bategazzore &#8211;<\/strong> Agricultural Engineer<\/li>\n<\/ul>\n<p>[\/vc_column_text][vc_single_image media=&#8221;87116&#8243; media_width_percent=&#8221;100&#8243; css_animation=&#8221;alpha-anim&#8221; uncode_shortcode_id=&#8221;144460&#8243;][vc_column_text css_animation=&#8221;alpha-anim&#8221; uncode_shortcode_id=&#8221;887711&#8243;]From left to right:<\/p>\n<ul>\n<li><strong>Joseline Segovia &#8211;<\/strong> Calf Caretaker<\/li>\n<li><strong>Camila Vivas &#8211;<\/strong> Dairy Farmer<\/li>\n<li><strong>Mar\u00eda P\u00eda Bri\u00f1\u00f3n &#8211;<\/strong> General Manager<\/li>\n<li><strong>\u00c1ngel Lezcano &#8211;<\/strong> Production Manager<\/li>\n<li><strong>Dianela Rabino &#8211;<\/strong> <span class=\"HwtZe\" lang=\"en\"><span class=\"jCAhz ChMk0b C1N51c\"><span class=\"ryNqvb\">Administration assistant<\/span><\/span><\/span><\/li>\n<li><strong>Luc\u00eda Vivas &#8211;<\/strong> Dairy Farmer<\/li>\n<li><strong>Santiago Segovia &#8211;<\/strong> Stockman<\/li>\n<li><strong>Lucas Gonzalez &#8211;<\/strong> Farm Machinery Operator<\/li>\n<\/ul>\n<p>[\/vc_column_text][vc_separator sep_color=&#8221;,Default&#8221;][vc_column_text text_lead=&#8221;yes&#8221;]The team receives constant training. They work under current occupational safety and support standards in order to improve in their respective work areas.<\/p>\n<p>We create a healthy, diverse, and harmonious work environment where everyone contributes their knowledge and experience. Because no one can do everything alone, and we are all aware that each contribution makes a difference in building results.<br \/>\n[\/vc_column_text][\/vc_column_inner][\/vc_row_inner][\/vc_column][\/vc_row][vc_row row_height_percent=&#8221;75&#8243; override_padding=&#8221;yes&#8221; h_padding=&#8221;2&#8243; top_padding=&#8221;4&#8243; bottom_padding=&#8221;4&#8243; back_color=&#8221;color-wayh&#8221; back_image=&#8221;84226&#8243; parallax=&#8221;yes&#8221; overlay_color=&#8221;color-wayh&#8221; overlay_alpha=&#8221;19&#8243; gutter_size=&#8221;3&#8243; column_width_percent=&#8221;100&#8243; shift_y=&#8221;0&#8243; z_index=&#8221;0&#8243;][vc_column column_width_percent=&#8221;75&#8243; position_horizontal=&#8221;left&#8221; position_vertical=&#8221;bottom&#8221; gutter_size=&#8221;3&#8243; style=&#8221;dark&#8221; overlay_alpha=&#8221;50&#8243; shift_x=&#8221;0&#8243; shift_y=&#8221;0&#8243; shift_y_down=&#8221;0&#8243; z_index=&#8221;0&#8243; medium_width=&#8221;0&#8243; mobile_width=&#8221;0&#8243; width=&#8221;1\/1&#8243; mobile_height=&#8221;300&#8243;][\/vc_column][\/vc_row]<\/p>\n<\/section>","protected":false},"excerpt":{"rendered":"<p>[vc_row row_height_percent=&#8221;0&#8243; override_padding=&#8221;yes&#8221; h_padding=&#8221;2&#8243; top_padding=&#8221;4&#8243; bottom_padding=&#8221;3&#8243; back_color=&#8221;color-xsdn&#8221; overlay_alpha=&#8221;50&#8243; gutter_size=&#8221;3&#8243; column_width_percent=&#8221;100&#8243; shift_y=&#8221;0&#8243; z_index=&#8221;0&#8243;][vc_column column_width_percent=&#8221;100&#8243; gutter_size=&#8221;3&#8243; overlay_alpha=&#8221;50&#8243; shift_x=&#8221;0&#8243; shift_y=&#8221;0&#8243; shift_y_down=&#8221;0&#8243; z_index=&#8221;0&#8243; medium_width=&#8221;0&#8243; [&hellip;]<\/p>\n","protected":false},"author":1,"featured_media":0,"parent":0,"menu_order":0,"comment_status":"closed","ping_status":"closed","template":"","meta":{"footnotes":""},"class_list":["post-84957","page","type-page","status-publish","hentry"],"_links":{"self":[{"href":"https:\/\/campolongley.uy\/en\/wp-json\/wp\/v2\/pages\/84957","targetHints":{"allow":["GET"]}}],"collection":[{"href":"https:\/\/campolongley.uy\/en\/wp-json\/wp\/v2\/pages"}],"about":[{"href":"https:\/\/campolongley.uy\/en\/wp-json\/wp\/v2\/types\/page"}],"author":[{"embeddable":true,"href":"https:\/\/campolongley.uy\/en\/wp-json\/wp\/v2\/users\/1"}],"replies":[{"embeddable":true,"href":"https:\/\/campolongley.uy\/en\/wp-json\/wp\/v2\/comments?post=84957"}],"version-history":[{"count":11,"href":"https:\/\/campolongley.uy\/en\/wp-json\/wp\/v2\/pages\/84957\/revisions"}],"predecessor-version":[{"id":87123,"href":"https:\/\/campolongley.uy\/en\/wp-json\/wp\/v2\/pages\/84957\/revisions\/87123"}],"wp:attachment":[{"href":"https:\/\/campolongley.uy\/en\/wp-json\/wp\/v2\/media?parent=84957"}],"curies":[{"name":"wp","href":"https:\/\/api.w.org\/{rel}","templated":true}]}}